{"id":5932,"date":"2024-10-04T18:27:07","date_gmt":"2024-10-04T16:27:07","guid":{"rendered":"https:\/\/www.dsi-ois.ch\/staging\/?page_id=5932"},"modified":"2024-12-19T07:48:05","modified_gmt":"2024-12-19T06:48:05","slug":"marche-des-actualites","status":"publish","type":"page","link":"https:\/\/www.dsi-ois.ch\/fr\/aktualitatenmarkt\/","title":{"rendered":"March\u00e9 de l'actualit\u00e9"},"content":{"rendered":"\n[et_pb_section fb_built=&#187;1&#8243; _builder_version=&#187;4.27.0&#8243; _module_preset=&#187;default&#187; background_color=&#187;#239E89&#8243; height=&#187;50vh&#187; height_tablet=&#187;50vh&#187; height_phone=&#187;30vh&#187; height_last_edited=&#187;on|tablet&#187; locked=&#187;off&#187; global_colors_info=&#187;{}&#187;][et_pb_row _builder_version=&#187;4.27.0&#8243; _module_preset=&#187;default&#187; global_colors_info=&#187;{}&#187;][et_pb_column type=&#187;4_4&#8243; _builder_version=&#187;4.27.0&#8243; _module_preset=&#187;default&#187; global_colors_info=&#187;{}&#187;][et_pb_heading title=&#187;Aktualit\u00e4tenmarkt&#187; _builder_version=&#187;4.27.2&#8243; _module_preset=&#187;default&#187; title_font=&#187;|700|||||||&#187; title_text_align=&#187;center&#187; title_text_color=&#187;#FFFFFF&#187; module_alignment=&#187;center&#187; global_colors_info=&#187;{}&#187;][\/et_pb_heading][\/et_pb_column][\/et_pb_row][\/et_pb_section][et_pb_section fb_built=&#187;1&#8243; _builder_version=&#187;4.16&#8243; _module_preset=&#187;default&#187; custom_padding=&#187;30px|0px|65px|0px|false|false&#187; locked=&#187;off&#187; global_colors_info=&#187;{}&#187;][et_pb_row column_structure=&#187;2_5,3_5&#8243; _builder_version=&#187;4.27.0&#8243; _module_preset=&#187;default&#187; global_colors_info=&#187;{}&#187;][et_pb_column type=&#187;2_5&#8243; _builder_version=&#187;4.19.5&#8243; _module_preset=&#187;default&#187; global_colors_info=&#187;{}&#187;][et_pb_image src=&#187;https:\/\/www.dsi-ois.ch\/wp-content\/uploads\/2024\/10\/canva-business-people-meeting-with-new-startup-project-pointing-MAEV59TCCLM1.jpg&#187; title_text=&#187;canva-business-people-meeting-with-new-startup-project-pointing-MAEV59TCCLM%911%93&#8243; _builder_version=&#187;4.27.2&#8243; _module_preset=&#187;default&#187; global_colors_info=&#187;{}&#187;][\/et_pb_image][\/et_pb_column][et_pb_column type=&#187;3_5&#8243; _builder_version=&#187;4.19.5&#8243; _module_preset=&#187;default&#187; global_colors_info=&#187;{}&#187;][et_pb_text _builder_version=&#187;4.27.2&#8243; _module_preset=&#187;default&#187; global_colors_info=&#187;{}&#187;]<h2 data-pm-slice=\"1 1 []\"><strong>Ziel des Projekts\u00a0<\/strong><\/h2>\n<p>Der Aktualit\u00e4tenmarkt hat zum Ziel, die Vernetzung und den informellen Austausch zu f\u00f6rdern und gleichzeitig einen thematischen Dialog zwischen sozialen Organisationen und Gesundheitseinrichtungen in der Stadt Biel und der Region anzuregen. Das Projekt soll einen Raum schaffen, in dem sich die verschiedenen Akteure in einem offenen und anregenden Rahmen treffen, Ideen austauschen und ihre Zusammenarbeit st\u00e4rken k\u00f6nnen.<\/p>[\/et_pb_text][\/et_pb_column][\/et_pb_row][\/et_pb_section][et_pb_section fb_built=&#187;1&#8243; _builder_version=&#187;4.27.0&#8243; background_color=&#187;rgba(35,158,137,0.05)&#187; locked=&#187;off&#187; global_colors_info=&#187;{}&#187;][et_pb_row column_structure=&#187;3_5,2_5&#8243; _builder_version=&#187;4.27.2&#8243; _module_preset=&#187;default&#187; pac_drh_enable_stacking=&#187;pac_drh_stack_row pac_drh_stack_tab_mob&#187; global_colors_info=&#187;{}&#187;][et_pb_column type=&#187;3_5&#8243; _builder_version=&#187;4.27.2&#8243; _module_preset=&#187;default&#187; pac_drh_add_staking_order_tab=&#187;pac_drh_order_tab_two&#187; pac_drh_add_staking_order_mob=&#187;pac_drh_order_mob_two&#187; global_colors_info=&#187;{}&#187;][et_pb_text _builder_version=&#187;4.27.3&#8243; _module_preset=&#187;default&#187; global_colors_info=&#187;{}&#187;]<h2 data-pm-slice=\"1 1 []\"><strong>H\u00e4ufigkeit und Organisation\u00a0<\/strong><\/h2>\n<p data-pm-slice=\"1 1 []\">Der Aktualit\u00e4tenmarkt findet drei Mal pro Jahr in der Berner Gesundheit in Biel statt. Er bietet Fachleuten aus dem Sozial- und Gesundheitsbereich eine hervorragende Gelegenheit, sich \u00fcber aktuelle Entwicklungen zu informieren, sich \u00fcber aktuelle Themen auszutauschen, Synergien kreieren und in einer freundlichen Atmosph\u00e4re Kontakte zu kn\u00fcpfen. Die Zeitdauer des Aktualit\u00e4tenmarktes betr\u00e4gt 2 Stunden, wobei die Organisation und Leitung \u00fcber die Koordinationsstelle vom DSI erfolgt.<\/p>[\/et_pb_text][\/et_pb_column][et_pb_column type=&#187;2_5&#8243; _builder_version=&#187;4.27.2&#8243; _module_preset=&#187;default&#187; pac_drh_add_staking_order_tab=&#187;pac_drh_order_tab_one&#187; pac_drh_add_staking_order_mob=&#187;pac_drh_order_mob_one&#187; global_colors_info=&#187;{}&#187;][et_pb_image src=&#187;https:\/\/www.dsi-ois.ch\/wp-content\/uploads\/2024\/10\/plan.webp&#187; title_text=&#187;plan&#187; _builder_version=&#187;4.27.2&#8243; _module_preset=&#187;default&#187; global_colors_info=&#187;{}&#187;][\/et_pb_image][\/et_pb_column][\/et_pb_row][\/et_pb_section][et_pb_section fb_built=&#187;1&#8243; _builder_version=&#187;4.16&#8243; _module_preset=&#187;default&#187; custom_padding=&#187;30px|0px|65px|0px|false|false&#187; locked=&#187;off&#187; global_colors_info=&#187;{}&#187;][et_pb_row column_structure=&#187;2_5,3_5&#8243; _builder_version=&#187;4.27.0&#8243; _module_preset=&#187;default&#187; global_colors_info=&#187;{}&#187;][et_pb_column type=&#187;2_5&#8243; _builder_version=&#187;4.19.5&#8243; _module_preset=&#187;default&#187; global_colors_info=&#187;{}&#187;][et_pb_image src=&#187;https:\/\/www.dsi-ois.ch\/wp-content\/uploads\/2024\/10\/group.jpg&#187; title_text=&#187;group&#187; _builder_version=&#187;4.27.2&#8243; _module_preset=&#187;default&#187; global_colors_info=&#187;{}&#187;][\/et_pb_image][\/et_pb_column][et_pb_column type=&#187;3_5&#8243; _builder_version=&#187;4.19.5&#8243; _module_preset=&#187;default&#187; global_colors_info=&#187;{}&#187;][et_pb_text _builder_version=&#187;4.27.2&#8243; _module_preset=&#187;default&#187; global_colors_info=&#187;{}&#187;]<h2 data-pm-slice=\"1 1 []\"><strong>Vorschl\u00e4ge und Teilnahme<\/strong><\/h2>\n<p data-pm-slice=\"1 1 []\">Die Teilnehmende sind herzlich eingeladen, Themenvorschl\u00e4ge oder relevante Inputs einzureichen, die in Pr\u00e4sentationen oder im Plenum besprochen werden k\u00f6nnen. Diese Beitr\u00e4ge werden die Diskussionen bereichern und Themen aufgreifen, die f\u00fcr die Gemeinschaft der Gesundheits- und Sozialorganisationen von Bedeutung sind.<\/p>[\/et_pb_text][\/et_pb_column][\/et_pb_row][et_pb_row _builder_version=&#187;4.27.2&#8243; _module_preset=&#187;default&#187; background_color=&#187;#F4FAF9&#8243; custom_margin=&#187;10px||10px||false|false&#187; custom_padding=&#187;50px|50px|50px|50px|true|true&#187; global_colors_info=&#187;{}&#187;][et_pb_column type=&#187;4_4&#8243; _builder_version=&#187;4.27.2&#8243; _module_preset=&#187;default&#187; global_colors_info=&#187;{}&#187;][et_pb_blurb use_icon=&#187;on&#187; font_icon=&#187;&#xe060;||divi||400&#8243; icon_placement=&#187;left&#187; _builder_version=&#187;4.27.2&#8243; _module_preset=&#187;default&#187; body_font_size=&#187;20px&#187; link_option_url=&#187;https:\/\/www.dsi-ois.ch\/wp-content\/uploads\/2024\/09\/Neues-Konzept-Aktualitatenmarkt_22.11.2022.pdf&#187; link_option_url_new_window=&#187;on&#187; global_colors_info=&#187;{}&#187;]<p><a href=\"https:\/\/www.dsi-ois.ch\/wp-content\/uploads\/2024\/09\/Neues-Konzept-Aktualitatenmarkt_22.11.2022.pdf\" target=\"_blank\" rel=\"noopener\">Hier<\/a> geht es zum Konzept des Aktualit\u00e4tenmarkts<\/p>[\/et_pb_blurb][\/et_pb_column][\/et_pb_row][et_pb_row _builder_version=&#187;4.27.2&#8243; _module_preset=&#187;default&#187; background_color=&#187;#F4FAF9&#8243; custom_margin=&#187;30px||10px||false|false&#187; custom_padding=&#187;50px|50px|50px|50px|true|true&#187; global_colors_info=&#187;{}&#187;][et_pb_column type=&#187;4_4&#8243; _builder_version=&#187;4.27.2&#8243; _module_preset=&#187;default&#187; global_colors_info=&#187;{}&#187;][et_pb_blurb use_icon=&#187;on&#187; font_icon=&#187;&#xf073;||fa||900&#8243; icon_placement=&#187;left&#187; _builder_version=&#187;4.27.2&#8243; _module_preset=&#187;default&#187; body_font_size=&#187;20px&#187; link_option_url=&#187;https:\/\/www.dsi-ois.ch\/anlaesse\/&#187; global_colors_info=&#187;{}&#187;]<p>Kommende Veranstaltungen finden sich <a href=\"https:\/\/www.dsi-ois.ch\/anlaesse\/\">hier<\/a><\/p>[\/et_pb_blurb][\/et_pb_column][\/et_pb_row][et_pb_row _builder_version=&#187;4.27.2&#8243; _module_preset=&#187;default&#187; global_colors_info=&#187;{}&#187;][et_pb_column type=&#187;4_4&#8243; _builder_version=&#187;4.27.2&#8243; _module_preset=&#187;default&#187; global_colors_info=&#187;{}&#187;][et_pb_text _builder_version=&#187;4.27.2&#8243; _module_preset=&#187;default&#187; global_colors_info=&#187;{}&#187;]<h2 data-pm-slice=\"1 1 []\"><strong><span>Ihre Spende zur Unterst\u00fctzung vom Aktualit\u00e4tenmarkt<\/span><\/strong><span><\/span><\/h2>\n<p><span><\/span><span>Der Aktualit\u00e4tenmarkt, der dreimal im Jahr stattfindet, ist ein einzigartiges Projekt, das Raum f\u00fcr Austausch und Reflexion \u00fcber aktuelle Themen schafft. Hier kommen Experten, leidenschaftliche Referenten und ein neugieriges, engagiertes Publikum von Biel und Umgebung zusammen, um \u00fcber die Trends, Herausforderungen und Chancen zu diskutieren f\u00fcr die sozialen Institutionen von Biel und Umgebung. <\/span><span>Um diese wertvollen Momente des Austauschs weiterhin anbieten zu k\u00f6nnen, brauchen wir Ihre Unterst\u00fctzung!<\/span><\/p>\n<p><span>Ihre Spenden helfen uns dabei:<\/span><\/p>\n<ul>\n<li><span>Hochkar\u00e4tige Referenten einzuladen, die aus verschiedenen Bereichen kommen und unsere Debatten bereichern;<\/span><\/li>\n<li><span>Das Projekt zu verwalten, indem wir die logistischen Kosten, die Kommunikation und die Organisation der Veranstaltungen decken;<\/span><\/li>\n<li><span>Veranstaltungen f\u00fcr alle zug\u00e4nglich zu machen, und sicherzustellen, dass die behandelten Themen vielf\u00e4ltig und relevant bleiben.<\/span><\/li>\n<\/ul>\n<p><span>Jede Spende, ob gross oder klein, macht einen Unterschied. Gemeinsam k\u00f6nnen wir den Aktualit\u00e4tenmarkt weiterhin zu einem Ort des qualifizierten Austauschs und der Reflexion machen.<\/span><\/p>[\/et_pb_text][et_pb_code _builder_version=&#187;4.27.2&#8243; _module_preset=&#187;default&#187; global_colors_info=&#187;{}&#187;][\/et_pb_code][et_pb_text _builder_version=&#187;4.27.2&#8243; _module_preset=&#187;default&#187; global_colors_info=&#187;{}&#187;]<h3><strong>Vielen Dank im Voraus f\u00fcr Ihre Grossz\u00fcgigkeit und Ihr Engagement<\/strong><\/h3>[\/et_pb_text][\/et_pb_column][\/et_pb_row][\/et_pb_section]\n","protected":false},"excerpt":{"rendered":"<p>Ziel des Projekts\u00a0 Der Aktualit\u00e4tenmarkt hat zum Ziel, die Vernetzung und den informellen Austausch zu f\u00f6rdern und gleichzeitig einen thematischen Dialog zwischen sozialen Organisationen und Gesundheitseinrichtungen in der Stadt Biel und der Region anzuregen. Das Projekt soll einen Raum schaffen, in dem sich die verschiedenen Akteure in einem offenen und anregenden Rahmen treffen, Ideen austauschen und ihre Zusammenarbeit st\u00e4rken k\u00f6nnen.H\u00e4ufigkeit und Organisation\u00a0 Der Aktualit\u00e4tenmarkt findet drei Mal pro Jahr in der Berner Gesundheit in Biel statt. Er bietet Fachleuten aus dem Sozial- und Gesundheitsbereich eine hervorragende Gelegenheit, sich \u00fcber aktuelle Entwicklungen zu informieren, sich \u00fcber aktuelle Themen auszutauschen, Synergien kreieren und in einer freundlichen Atmosph\u00e4re Kontakte zu kn\u00fcpfen. Die Zeitdauer des Aktualit\u00e4tenmarktes betr\u00e4gt 2 Stunden, wobei die Organisation und Leitung \u00fcber die Koordinationsstelle vom DSI erfolgt.Vorschl\u00e4ge und Teilnahme Die Teilnehmende sind herzlich eingeladen, Themenvorschl\u00e4ge oder relevante Inputs einzureichen, die in Pr\u00e4sentationen oder im Plenum besprochen werden k\u00f6nnen. Diese Beitr\u00e4ge werden die Diskussionen bereichern und Themen aufgreifen, die f\u00fcr die Gemeinschaft der Gesundheits- und Sozialorganisationen von Bedeutung sind.Hier geht es zum Konzept des Aktualit\u00e4tenmarktsKommende Veranstaltungen finden sich hierIhre Spende zur Unterst\u00fctzung vom Aktualit\u00e4tenmarkt Der Aktualit\u00e4tenmarkt, der dreimal im Jahr stattfindet, ist ein einzigartiges Projekt, das Raum f\u00fcr Austausch und Reflexion \u00fcber [&hellip;]<\/p>\n","protected":false},"author":4,"featured_media":0,"parent":0,"menu_order":0,"comment_status":"closed","ping_status":"closed","template":"","meta":{"_et_pb_use_builder":"on","_et_pb_old_content":"","_et_gb_content_width":"","footnotes":""},"class_list":["post-5932","page","type-page","status-publish","hentry"],"_links":{"self":[{"href":"https:\/\/www.dsi-ois.ch\/fr\/wp-json\/wp\/v2\/pages\/5932","targetHints":{"allow":["GET"]}}],"collection":[{"href":"https:\/\/www.dsi-ois.ch\/fr\/wp-json\/wp\/v2\/pages"}],"about":[{"href":"https:\/\/www.dsi-ois.ch\/fr\/wp-json\/wp\/v2\/types\/page"}],"author":[{"embeddable":true,"href":"https:\/\/www.dsi-ois.ch\/fr\/wp-json\/wp\/v2\/users\/4"}],"replies":[{"embeddable":true,"href":"https:\/\/www.dsi-ois.ch\/fr\/wp-json\/wp\/v2\/comments?post=5932"}],"version-history":[{"count":18,"href":"https:\/\/www.dsi-ois.ch\/fr\/wp-json\/wp\/v2\/pages\/5932\/revisions"}],"predecessor-version":[{"id":6330,"href":"https:\/\/www.dsi-ois.ch\/fr\/wp-json\/wp\/v2\/pages\/5932\/revisions\/6330"}],"wp:attachment":[{"href":"https:\/\/www.dsi-ois.ch\/fr\/wp-json\/wp\/v2\/media?parent=5932"}],"curies":[{"name":"wp","href":"https:\/\/api.w.org\/{rel}","templated":true}]}}