{"id":5228,"date":"2024-08-26T09:26:49","date_gmt":"2024-08-26T07:26:49","guid":{"rendered":"https:\/\/www.dsi-ois.ch\/staging\/?page_id=5228"},"modified":"2025-04-14T08:13:18","modified_gmt":"2025-04-14T06:13:18","slug":"medias-et-telechargements","status":"publish","type":"page","link":"https:\/\/www.dsi-ois.ch\/fr\/medien-und-downloads\/","title":{"rendered":"M\u00e9dias et t\u00e9l\u00e9chargements"},"content":{"rendered":"<p>[et_pb_section fb_built=&#187;1&#8243; _builder_version=&#187;4.27.0&#8243; _module_preset=&#187;default&#187; background_color=&#187;#239E89&#8243; height=&#187;50vh&#187; height_tablet=&#187;50vh&#187; height_phone=&#187;30vh&#187; height_last_edited=&#187;on|tablet&#187; locked=&#187;off&#187; global_colors_info=&#187;{}&#187;][et_pb_row _builder_version=&#187;4.27.0&#8243; _module_preset=&#187;default&#187; global_colors_info=&#187;{}&#187;][et_pb_column type=&#187;4_4&#8243; _builder_version=&#187;4.27.0&#8243; _module_preset=&#187;default&#187; global_colors_info=&#187;{}&#187;][et_pb_heading title=&#187;Medien und Downloads&#187; _builder_version=&#187;4.27.0&#8243; _module_preset=&#187;default&#187; title_font=&#187;|700|||||||&#187; title_text_align=&#187;center&#187; title_text_color=&#187;#FFFFFF&#187; module_alignment=&#187;center&#187; global_colors_info=&#187;{}&#187;][\/et_pb_heading][\/et_pb_column][\/et_pb_row][\/et_pb_section][et_pb_section fb_built=&#187;1&#8243; _builder_version=&#187;4.16&#8243; _module_preset=&#187;default&#187; custom_padding=&#187;0|0px|1px|0px|false|false&#187; locked=&#187;off&#187; global_colors_info=&#187;{}&#187;][et_pb_row _builder_version=&#187;4.16&#8243; _module_preset=&#187;default&#187; global_colors_info=&#187;{}&#187;][et_pb_column type=&#187;4_4&#8243; _builder_version=&#187;4.16&#8243; _module_preset=&#187;default&#187; custom_padding=&#187;|||&#187; global_colors_info=&#187;{}&#187; custom_padding__hover=&#187;|||&#187;][et_pb_heading title=&#187;Medienspiegel&#187; _builder_version=&#187;4.27.0&#8243; _module_preset=&#187;default&#187; title_level=&#187;h2&#8243; title_font=&#187;|700|||||||&#187; title_text_align=&#187;center&#187; global_colors_info=&#187;{}&#187;][\/et_pb_heading][\/et_pb_column][\/et_pb_row][et_pb_row column_structure=&#187;1_3,1_3,1_3&#8243; _builder_version=&#187;4.27.0&#8243; _module_preset=&#187;default&#187; global_colors_info=&#187;{}&#187;][et_pb_column type=&#187;1_3&#8243; _builder_version=&#187;4.27.0&#8243; _module_preset=&#187;default&#187; global_colors_info=&#187;{}&#187;][et_pb_text _builder_version=&#187;4.27.2&#8243; _module_preset=&#187;default&#187; custom_padding=&#187;|||0px&#187; custom_padding_tablet=&#187;|||130px&#187; custom_padding_phone=&#187;|||10px&#187; custom_padding_last_edited=&#187;on|phone&#187; global_colors_info=&#187;{}&#187;]<\/p>\n<h3><strong>Mois de la pr\u00e9carit\u00e9 \u2013 Armut verhindern<\/strong><\/h3>\n<ul>\n<li><a href=\"https:\/\/www.dsi-ois.ch\/wp-content\/uploads\/2024\/08\/Journee-daction-contre-la-pauvrete_20230511_Revue-de-presse.pdf\" target=\"_blank\" rel=\"noopener\">Medienspiegel<\/a><\/li>\n<li><a href=\"https:\/\/www.dsi-ois.ch\/wp-content\/uploads\/2024\/08\/BT_10.05.2023.pdf\" target=\"_blank\" rel=\"noopener\">Elisabeth Baume-Schneider zu Besuch in Biel<\/a><\/li>\n<li><a href=\"https:\/\/www.dsi-ois.ch\/wp-content\/uploads\/2024\/08\/CSP-Bern-Jura_09.-Mai-2023.pdf\" target=\"_blank\" rel=\"noopener\">Wir h\u00f6ren viele bewegende Geschichten<\/a><\/li>\n<li><a href=\"https:\/\/www.dsi-ois.ch\/wp-content\/uploads\/2024\/08\/Sozialberatung_Calvinhaus_Ajour_09.05.2023.pdf\" target=\"_blank\" rel=\"noopener\">Hilfe von der Kirche<\/a><\/li>\n<\/ul>\n<p><a href=\"https:\/\/www.dsi-ois.ch\/wp-content\/uploads\/2019\/03\/Statuten-DSI-OIS_2019.pdf\" rel=\"attachment wp-att-342\"><\/a><\/p>\n<p>[\/et_pb_text][\/et_pb_column][et_pb_column type=&#187;1_3&#8243; _builder_version=&#187;4.27.0&#8243; _module_preset=&#187;default&#187; global_colors_info=&#187;{}&#187;][et_pb_text _builder_version=&#187;4.27.3&#8243; _module_preset=&#187;default&#187; custom_padding=&#187;|||0px&#187; custom_padding_tablet=&#187;|||130px&#187; custom_padding_phone=&#187;|||10px&#187; custom_padding_last_edited=&#187;on|phone&#187; global_colors_info=&#187;{}&#187;]<\/p>\n<h3><strong>Weitere Artikel und Publikationen<br \/><\/strong><\/h3>\n<ul>\n<li style=\"text-align: left;\"><a href=\"https:\/\/www.dsi-ois.ch\/wp-content\/uploads\/2024\/08\/BielerTagblatt-20210415.pdf\" target=\"_blank\" rel=\"noopener\">Verl\u00e4ngerung der Aufenthaltsbewilligung l\u00e4sst Monate auf sich warten<\/a><\/li>\n<li><a href=\"https:\/\/www.dsi-ois.ch\/wp-content\/uploads\/2024\/08\/Offener-Brief.pdf\" target=\"_blank\" rel=\"noopener\">Offener Brief zur Situation der Einwohnerdienste Biel<\/a><\/li>\n<li><a href=\"https:\/\/www.horizonte-magazin.ch\/2021\/03\/04\/die-sozialhilfe-wird-zum-sammelbecken-fuer-ungeloeste-gesellschaftliche-probleme\/\" target=\"_blank\" rel=\"noopener noreferrer nofollow\">Oliver H\u00fcmbelin: \u00abDie Sozialhilfe sammelt ungel\u00f6ste Probleme\u00bb<\/a><\/li>\n<li><a href=\"https:\/\/www.dsi-ois.ch\/wp-content\/uploads\/2021\/05\/Le-Temps-20210506-1.png\" target=\"_blank\" rel=\"noopener\">A Bienne, l\u2019interminable attente pour renouveller un permis B. (nur auf Franz\u00f6sisch)<\/a><\/li>\n<\/ul>\n<p><a href=\"https:\/\/www.dsi-ois.ch\/wp-content\/uploads\/2019\/03\/Statuten-DSI-OIS_2019.pdf\" rel=\"attachment wp-att-342\"><\/a><\/p>\n<p>[\/et_pb_text][\/et_pb_column][et_pb_column type=&#187;1_3&#8243; _builder_version=&#187;4.27.0&#8243; _module_preset=&#187;default&#187; global_colors_info=&#187;{}&#187;][\/et_pb_column][\/et_pb_row][\/et_pb_section][et_pb_section fb_built=&#187;1&#8243; _builder_version=&#187;4.27.0&#8243; _module_preset=&#187;default&#187; background_color=&#187;rgba(63,171,152,0.08)&#187; global_colors_info=&#187;{}&#187;][et_pb_row _builder_version=&#187;4.16&#8243; _module_preset=&#187;default&#187; global_colors_info=&#187;{}&#187;][et_pb_column type=&#187;4_4&#8243; _builder_version=&#187;4.16&#8243; _module_preset=&#187;default&#187; custom_padding=&#187;|||&#187; global_colors_info=&#187;{}&#187; custom_padding__hover=&#187;|||&#187;][et_pb_heading title=&#187;Dokumente zum Download&#187; _builder_version=&#187;4.27.0&#8243; _module_preset=&#187;default&#187; title_level=&#187;h2&#8243; title_font=&#187;|700|||||||&#187; title_text_align=&#187;center&#187; global_colors_info=&#187;{}&#187;][\/et_pb_heading][\/et_pb_column][\/et_pb_row][et_pb_row column_structure=&#187;1_3,1_3,1_3&#8243; _builder_version=&#187;4.27.0&#8243; _module_preset=&#187;default&#187; global_colors_info=&#187;{}&#187;][et_pb_column type=&#187;1_3&#8243; _builder_version=&#187;4.27.0&#8243; _module_preset=&#187;default&#187; global_colors_info=&#187;{}&#187;][et_pb_text _builder_version=&#187;4.27.4&#8243; _module_preset=&#187;default&#187; custom_padding=&#187;|||0px&#187; custom_padding_tablet=&#187;|||130px&#187; custom_padding_phone=&#187;|||10px&#187; custom_padding_last_edited=&#187;on|phone&#187; hover_enabled=&#187;0&#8243; global_colors_info=&#187;{}&#187; sticky_enabled=&#187;0&#8243;]<\/p>\n<h3><strong>Jahresberichte<\/strong><\/h3>\n<ul>\n<li><a href=\"https:\/\/www.dsi-ois.ch\/wp-content\/uploads\/2025\/04\/2024_Jahresbericht_DSI.pdf\" target=\"_blank\" rel=\"noopener\">Jahresbericht 2024<\/a><\/li>\n<li><a href=\"https:\/\/www.dsi-ois.ch\/wp-content\/uploads\/2024\/10\/rapport-annuel-2023_FINAL.pdf\" target=\"_blank\" rel=\"noopener\">Jahresbericht 2023<\/a><\/li>\n<li><a href=\"https:\/\/www.dsi-ois.ch\/wp-content\/uploads\/2024\/12\/rapport-annuel-2022_DSI_OIS.pdf\" target=\"_blank\" rel=\"noopener\">Jahresbericht 2022<\/a><\/li>\n<li><a href=\"https:\/\/www.dsi-ois.ch\/wp-content\/uploads\/2022\/04\/Jahresbericht-Rapport-annuel-2021.pdf\" target=\"_blank\" rel=\"noopener\">Jahresbericht 2021<\/a><\/li>\n<li><a href=\"https:\/\/www.dsi-ois.ch\/wp-content\/uploads\/2021\/03\/Jahresbericht-2020.pdf\" target=\"_blank\" rel=\"noopener\">Jahresbericht 2020<\/a><\/li>\n<li><a href=\"https:\/\/www.dsi-ois.ch\/wp-content\/uploads\/2020\/07\/Jahresbericht-2019.pdf\" target=\"_blank\" rel=\"noopener\">Jahresbericht 2019<\/a><\/li>\n<li><a href=\"https:\/\/www.dsi-ois.ch\/wp-content\/uploads\/2019\/03\/Rapport_de1.pdf\" rel=\"attachment noopener noreferrer wp-att-352\" target=\"_blank\">Jahresbericht 2018<\/a><\/li>\n<li><a href=\"https:\/\/www.dsi-ois.ch\/wp-content\/uploads\/2019\/03\/Jahresbericht_2017_dt.def_.pdf\" rel=\"attachment noopener noreferrer wp-att-443\" target=\"_blank\">Jahresbericht 2017<\/a><\/li>\n<\/ul>\n<p><a href=\"https:\/\/www.dsi-ois.ch\/wp-content\/uploads\/2019\/03\/Statuten-DSI-OIS_2019.pdf\" rel=\"attachment wp-att-342\"><\/a><\/p>\n<p>[\/et_pb_text][\/et_pb_column][et_pb_column type=&#187;1_3&#8243; _builder_version=&#187;4.27.0&#8243; _module_preset=&#187;default&#187; global_colors_info=&#187;{}&#187;][et_pb_text _builder_version=&#187;4.27.2&#8243; _module_preset=&#187;default&#187; custom_padding=&#187;|||0px&#187; custom_padding_tablet=&#187;|||130px&#187; custom_padding_phone=&#187;|||10px&#187; custom_padding_last_edited=&#187;on|phone&#187; global_colors_info=&#187;{}&#187;]<\/p>\n<h3><strong>Arbeitsdokumente<\/strong><\/h3>\n<ul>\n<li style=\"text-align: left;\"><a href=\"https:\/\/www.dsi-ois.ch\/wp-content\/uploads\/2020\/07\/Empfehlungen-zur-Netzwerkarbeit-sozialer-Organisationen-in-der-Region-Biel.pdf\" target=\"_blank\" rel=\"noopener\">Empfehlungen zur Netzwerkarbeit sozialer Organisationen in der Region Biel<\/a><\/li>\n<li><a href=\"https:\/\/www.dsi-ois.ch\/wp-content\/uploads\/2020\/07\/Netzwerkarbeit-sozialer-Organisationen.docx\" target=\"_blank\" rel=\"noopener\">Netzwerkarbeit sozialer Organisationen<\/a><\/li>\n<\/ul>\n<p><a href=\"https:\/\/www.dsi-ois.ch\/wp-content\/uploads\/2019\/03\/Statuten-DSI-OIS_2019.pdf\" rel=\"attachment wp-att-342\"><\/a><\/p>\n<p>[\/et_pb_text][\/et_pb_column][et_pb_column type=&#187;1_3&#8243; _builder_version=&#187;4.27.0&#8243; _module_preset=&#187;default&#187; global_colors_info=&#187;{}&#187;][et_pb_text _builder_version=&#187;4.27.3&#8243; _module_preset=&#187;default&#187; custom_padding=&#187;|||0px&#187; custom_padding_tablet=&#187;|||130px&#187; custom_padding_phone=&#187;|||10px&#187; custom_padding_last_edited=&#187;on|phone&#187; link_option_url=&#187;https:\/\/www.dsi-ois.ch\/wp-content\/uploads\/2019\/10\/Mediencommunique\u0301-September-2019.pdf&#187; global_colors_info=&#187;{}&#187;]<\/p>\n<h3><strong>Andere<\/strong><\/h3>\n<ul>\n<li><a href=\"https:\/\/www.dsi-ois.ch\/wp-content\/uploads\/2019\/03\/Konzept-DSI-OIS_Eric_Feb.18.zh_MV_1812.pdf\" rel=\"attachment noopener wp-att-341\" target=\"_blank\">Konzept DSI-OIS<\/a><\/li>\n<li><a href=\"https:\/\/www.dsi-ois.ch\/wp-content\/uploads\/2019\/03\/Statuten-DSI-OIS_2019.pdf\" rel=\"attachment noopener wp-att-342\" target=\"_blank\">Statuten DSI-OIS 2019<\/a><\/li>\n<li><a href=\"https:\/\/www.dsi-ois.ch\/wp-content\/uploads\/2019\/03\/verbesserung_oragnigramm-2.pdf\" target=\"_blank\" rel=\"noopener\">Organigramm<\/a><\/li>\n<li><a href=\"https:\/\/www.dsi-ois.ch\/wp-content\/uploads\/2019\/09\/Arbeitsgruppen.DSI-OIS_2019.pdf\" title=\"Arbeitsgruppe\" target=\"_blank\" rel=\"noopener\">Arbeitsgruppe<\/a><\/li>\n<li><a href=\"https:\/\/www.dsi-ois.ch\/wp-content\/uploads\/2024\/09\/Neues-Konzept-Aktualitatenmarkt_22.11.2022.pdf\" target=\"_blank\" rel=\"noopener\">Konzept Aktualit\u00e4tenmarkt<\/a><\/li>\n<li><a href=\"https:\/\/www.dsi-ois.ch\/wp-content\/uploads\/2019\/10\/Mediencommunique\u0301-September-2019.pdf\" target=\"_blank\" rel=\"noopener\"><span style=\"color: #239e89;\">Mediencommuniqu\u00e9 Sept 2019<\/span><\/a><\/li>\n<li><a href=\"https:\/\/www.dsi-ois.ch\/wp-content\/uploads\/2020\/02\/Positionspapier.pdf\" target=\"_blank\" rel=\"noopener\"><span style=\"color: #239e89;\">Positionspapier der Fachgruppe Arbeit und Integration<\/span><\/a>\n<div class=\"page\" title=\"Page 1\">\n<div class=\"layoutArea\">\n<div class=\"column\"><\/div>\n<\/div>\n<\/div>\n<\/li>\n<\/ul>\n<p>[\/et_pb_text][\/et_pb_column][\/et_pb_row][\/et_pb_section]<\/p>\n","protected":false},"excerpt":{"rendered":"<p>Mois de la pr\u00e9carit\u00e9 \u2013 Armut verhindern Medienspiegel Elisabeth Baume-Schneider zu Besuch in Biel Wir h\u00f6ren viele bewegende Geschichten Hilfe von der Kirche Weitere Artikel und Publikationen Verl\u00e4ngerung der Aufenthaltsbewilligung l\u00e4sst Monate auf sich warten Offener Brief zur Situation der Einwohnerdienste Biel Oliver H\u00fcmbelin: \u00abDie Sozialhilfe sammelt ungel\u00f6ste Probleme\u00bb A Bienne, l\u2019interminable attente pour renouveller un permis B. (nur auf Franz\u00f6sisch) Jahresberichte Jahresbericht 2024 Jahresbericht 2023 Jahresbericht 2022 Jahresbericht 2021 Jahresbericht 2020 Jahresbericht 2019 Jahresbericht 2018 Jahresbericht 2017 Arbeitsdokumente Empfehlungen zur Netzwerkarbeit sozialer Organisationen in der Region Biel Netzwerkarbeit sozialer Organisationen Andere Konzept DSI-OIS Statuten DSI-OIS 2019 Organigramm Arbeitsgruppe Konzept Aktualit\u00e4tenmarkt Mediencommuniqu\u00e9 Sept 2019 Positionspapier der Fachgruppe Arbeit und Integration<\/p>","protected":false},"author":2,"featured_media":0,"parent":0,"menu_order":0,"comment_status":"closed","ping_status":"closed","template":"","meta":{"_et_pb_use_builder":"on","_et_pb_old_content":"","_et_gb_content_width":"","footnotes":""},"class_list":["post-5228","page","type-page","status-publish","hentry"],"_links":{"self":[{"href":"https:\/\/www.dsi-ois.ch\/fr\/wp-json\/wp\/v2\/pages\/5228","targetHints":{"allow":["GET"]}}],"collection":[{"href":"https:\/\/www.dsi-ois.ch\/fr\/wp-json\/wp\/v2\/pages"}],"about":[{"href":"https:\/\/www.dsi-ois.ch\/fr\/wp-json\/wp\/v2\/types\/page"}],"author":[{"embeddable":true,"href":"https:\/\/www.dsi-ois.ch\/fr\/wp-json\/wp\/v2\/users\/2"}],"replies":[{"embeddable":true,"href":"https:\/\/www.dsi-ois.ch\/fr\/wp-json\/wp\/v2\/comments?post=5228"}],"version-history":[{"count":26,"href":"https:\/\/www.dsi-ois.ch\/fr\/wp-json\/wp\/v2\/pages\/5228\/revisions"}],"predecessor-version":[{"id":6588,"href":"https:\/\/www.dsi-ois.ch\/fr\/wp-json\/wp\/v2\/pages\/5228\/revisions\/6588"}],"wp:attachment":[{"href":"https:\/\/www.dsi-ois.ch\/fr\/wp-json\/wp\/v2\/media?parent=5228"}],"curies":[{"name":"wp","href":"https:\/\/api.w.org\/{rel}","templated":true}]}}